{"id":8716,"date":"2025-10-15T09:37:27","date_gmt":"2025-10-15T09:37:27","guid":{"rendered":"https:\/\/entrepreneuriat.ecosystemeperformance.com\/?page_id=8716"},"modified":"2025-10-15T09:47:58","modified_gmt":"2025-10-15T09:47:58","slug":"merci-pour-votre-demande","status":"publish","type":"page","link":"https:\/\/entrepreneuriat.ecosystemeperformance.com\/ar\/merci-pour-votre-demande\/","title":{"rendered":"Merci pour votre demande !"},"content":{"rendered":"<div data-elementor-type=\"wp-page\" data-elementor-id=\"8716\" class=\"elementor elementor-8716\" data-elementor-post-type=\"page\">\n\t\t\t\t<div class=\"elementor-element elementor-element-e945b2c e-flex e-con-boxed e-con e-parent\" data-id=\"e945b2c\" data-element_type=\"container\" data-e-type=\"container\">\t\t\t<div class=\"e-con-inner\">\r\n\t\t<div class=\"elementor-element elementor-element-683e6df e-con-full e-flex e-con e-child\" data-id=\"683e6df\" data-element_type=\"container\" data-e-type=\"container\">\t\t<\/div>\r\n\t\t<div class=\"elementor-element elementor-element-16ccdf2 e-con-full e-flex e-con e-child\" data-id=\"16ccdf2\" data-element_type=\"container\" data-e-type=\"container\">\t\t<div class=\"elementor-element elementor-element-a9cd61a elementor-widget elementor-widget-pxl_heading\" data-id=\"a9cd61a\" data-element_type=\"widget\" data-e-type=\"widget\" data-widget_type=\"pxl_heading.default\">\n\t\t\t\t<div class=\"elementor-widget-container\">\n\t\t\t\t\t<div id=\"pxl-pxl_heading-a9cd61a-3897\" class=\"pxl-heading px-sub-title-default-style\">\n\t<div class=\"pxl-heading--inner\">\n\t\t\n\t\t\t\t\t<div class=\"pxl-item--subtitle px-sub-title-default wow fadeInUp\" data-wow-delay=\"ms\">\n\t\t\t\t<span class=\"pxl-item--subtext\">\n\t\t\t\t\tMerci pour votre demande !\t\t\t\t\t<span class=\"pxl-item--subdivider\"><\/span>\n\t\t\t\t<\/span>\n\t\t\t<\/div>\n\t\t\n\t\t<h3 class=\"pxl-item--title pxl-split-text split-in-up\" data-wow-delay=\"ms\">\n\t\t\tVotre rendez-vous a bien \u00e9t\u00e9 enregistr\u00e9.\n\t\t\n\t\t<\/h3>\n\n\t\t\n\t\t\n\t\t\t\t\n\t<\/div>\n<\/div>\t\t\t\t<\/div>\n\t\t\t\t<\/div>\n\t\t\t\t<div class=\"elementor-element elementor-element-1cd72b4 elementor-widget elementor-widget-pxl_text_editor\" data-id=\"1cd72b4\" data-element_type=\"widget\" data-e-type=\"widget\" data-widget_type=\"pxl_text_editor.default\">\n\t\t\t\t<div class=\"elementor-widget-container\">\n\t\t\t\t\t<div class=\"pxl-text-editor\">\n\t<div class=\"pxl-item--inner wow fadeInUp\" data-wow-delay=\"600ms\">\n\t\t<p data-start=\"145\" data-end=\"317\">Un consultant de <strong data-start=\"205\" data-end=\"231\">Ecosysteme Performance<\/strong> vous contactera prochainement pour confirmer les d\u00e9tails et pr\u00e9parer votre \u00e9change.<\/p><p data-start=\"319\" data-end=\"466\">\ud83d\udc49 En attendant, n\u2019h\u00e9sitez pas \u00e0 explorer nos services et \u00e0 d\u00e9couvrir comment nous accompagnons les TPE &amp; PME vers la performance et la r\u00e9ussite.<\/p>\t\t\n\t<\/div>\n<\/div>\t\t\t\t<\/div>\n\t\t\t\t<\/div>\n\t\t\t\t<div class=\"elementor-element elementor-element-7efd0b9 elementor-widget__width-inherit elementor-widget-mobile__width-inherit elementor-align-center elementor-widget elementor-widget-pxl_button\" data-id=\"7efd0b9\" data-element_type=\"widget\" data-e-type=\"widget\" data-widget_type=\"pxl_button.default\">\n\t\t\t\t<div class=\"elementor-widget-container\">\n\t\t\t\t\t<div id=\"pxl-pxl_button-7efd0b9-5391\" class=\"pxl-button wow fadeInRight\" data-wow-delay=\"800ms\">\r\n    <a href=\"https:\/\/entrepreneuriat.ecosystemeperformance.com\/ar\/\" class=\"btn pxl-icon-active btn-default wow fadeInRight pxl-icon--left\" data-wow-delay=\"800ms\">\r\n        \r\n                \r\n        <span class=\"pxl--btn-text\" data-text=\"Retour \u00e0 l\u2019accueil\">\r\n            Retour \u00e0 l\u2019accueil        <\/span>\r\n        \r\n                    <span class=\"pxl--text-wrap\">\r\n                <span class=\"pxl--btn-text1\">Retour \u00e0 l\u2019accueil<\/span>\r\n                <span class=\"pxl--btn-text2\">Retour \u00e0 l\u2019accueil<\/span>\r\n            <\/span>\r\n         \r\n\r\n    <\/a>\r\n<\/div>\t\t\t\t<\/div>\n\t\t\t\t<\/div>\n\t\t\t\t<\/div>\r\n\t\t<div class=\"elementor-element elementor-element-a0b2178 e-con-full e-flex e-con e-child\" data-id=\"a0b2178\" data-element_type=\"container\" data-e-type=\"container\">\t\t<\/div>\r\n\t\t\t\t\t<\/div>\r\n\t\t\t\t<\/div>\r\n\t\t\t\t<\/div>","protected":false},"excerpt":{"rendered":"<p>Merci pour votre demande ! Votre rendez-vous a bien \u00e9t\u00e9 enregistr\u00e9. Un consultant de Ecosysteme Performance vous contactera prochainement pour confirmer les d\u00e9tails et pr\u00e9parer votre \u00e9change. \ud83d\udc49 En attendant, n\u2019h\u00e9sitez pas \u00e0 explorer nos services et \u00e0 d\u00e9couvrir comment nous accompagnons les TPE &amp; PME vers la performance et la r\u00e9ussite. Retour \u00e0 l\u2019accueil [&hellip;]<\/p>\n","protected":false},"author":2,"featured_media":0,"parent":0,"menu_order":0,"comment_status":"closed","ping_status":"closed","template":"","meta":{"footnotes":""},"class_list":["post-8716","page","type-page","status-publish","hentry"],"_links":{"self":[{"href":"https:\/\/entrepreneuriat.ecosystemeperformance.com\/ar\/wp-json\/wp\/v2\/pages\/8716","targetHints":{"allow":["GET"]}}],"collection":[{"href":"https:\/\/entrepreneuriat.ecosystemeperformance.com\/ar\/wp-json\/wp\/v2\/pages"}],"about":[{"href":"https:\/\/entrepreneuriat.ecosystemeperformance.com\/ar\/wp-json\/wp\/v2\/types\/page"}],"author":[{"embeddable":true,"href":"https:\/\/entrepreneuriat.ecosystemeperformance.com\/ar\/wp-json\/wp\/v2\/users\/2"}],"replies":[{"embeddable":true,"href":"https:\/\/entrepreneuriat.ecosystemeperformance.com\/ar\/wp-json\/wp\/v2\/comments?post=8716"}],"version-history":[{"count":0,"href":"https:\/\/entrepreneuriat.ecosystemeperformance.com\/ar\/wp-json\/wp\/v2\/pages\/8716\/revisions"}],"wp:attachment":[{"href":"https:\/\/entrepreneuriat.ecosystemeperformance.com\/ar\/wp-json\/wp\/v2\/media?parent=8716"}],"curies":[{"name":"wp","href":"https:\/\/api.w.org\/{rel}","templated":true}]}}